{"id":127,"date":"2023-10-15T21:28:26","date_gmt":"2023-10-15T19:28:26","guid":{"rendered":"https:\/\/deutschland-vernetzen.de\/?page_id=127"},"modified":"2023-10-15T22:11:21","modified_gmt":"2023-10-15T20:11:21","slug":"ueber-uns","status":"publish","type":"page","link":"https:\/\/deutschland-vernetzen.de\/?page_id=127","title":{"rendered":"\u00dcber uns"},"content":{"rendered":"\n<div class=\"wp-block-uagb-container uagb-block-74474a54 alignfull uagb-is-root-container\"><div class=\"uagb-container-inner-blocks-wrap\">\n<div class=\"wp-block-uagb-advanced-heading uagb-block-42421a72\"><h2 class=\"uagb-heading-text\"><strong>Wir nehmen die Zukunft unseres Kiezes selbst in die Hand<\/strong><\/h2><p class=\"uagb-desc-text\">\u00dcber die Initiative Reichenberger Kiez f\u00fcr Alle<\/p><\/div>\n\n\n\n<p>Unser Projekt entstand vor ca. 3 Jahren durch eine Offene Versammlung von KIEZconnect. Wir diskutierten gemeinsam, wie wir den Kiez sozial gerecht, demokratisch und teilhabef\u00f6rdernd gestalten k\u00f6nnen. Viele Gruppen entstanden und haben bereits erfolgreich Projekte umgesetzt. Lernend voneinander, entwickeln wir den Kiez in kleinen Schritten f\u00fcr alle.<\/p>\n\n\n\n<p>Zu unseren Erfolgen z\u00e4hlt ein Mobilit\u00e4tskonzept, welches vom Bezirksparlament angenommen wurde. Drei Wilblumenwiesen haben wir angelegt, einen Dorfplatz entwickelt, viele Versammlungen und 100te kleine und gr\u00f6\u00dfere Aktionen durchgef\u00fchrt. Wir gie\u00dfen, entsiegeln, informieren, vernetzten Kiezakteure und haben jetzt die Energie- und W\u00e4rmewende &#8222;von unten&#8220; gestartet.<\/p>\n\n\n\n<p>&#8222;Wir,&#8220; das sind rund 50 Aktive, die selbst\u00e4ndig Projekte im Kiez machen. 2x im Jahr treffen sich alle Gruppen in gr\u00f6\u00dferen Versammlungen zum Austausch und Absimmung. Kommunzieren tun wir t\u00e4glich aus Signal in verschiedenen Chats. Wir haben keine Angestellten, sondern sind alle ehrenamtlich.<\/p>\n<\/div><\/div>\n\n\n\n<div class=\"wp-block-uagb-container uagb-block-2b935900 alignfull uagb-is-root-container\"><div class=\"uagb-container-inner-blocks-wrap\"><\/div><\/div>\n","protected":false},"excerpt":{"rendered":"<p>Wir nehmen die Zukunft unseres Kiezes selbst in die Hand \u00dcber die Initiative Reichenberger Kiez f\u00fcr Alle Unser Projekt entstand vor ca. 3 Jahren durch eine Offene Versammlung von KIEZconnect. &hellip;<\/p>\n<p class=\"read-more\"> <a class=\"\" href=\"https:\/\/deutschland-vernetzen.de\/?page_id=127\"> <span class=\"screen-reader-text\">\u00dcber uns<\/span> Weiterlesen &raquo;<\/a><\/p>\n","protected":false},"author":1,"featured_media":0,"parent":0,"menu_order":0,"comment_status":"closed","ping_status":"closed","template":"","meta":{"_uag_custom_page_level_css":"","site-sidebar-layout":"default","site-content-layout":"","ast-site-content-layout":"","site-content-style":"default","site-sidebar-style":"default","ast-global-header-display":"","ast-banner-title-visibility":"","ast-main-header-display":"","ast-hfb-above-header-display":"","ast-hfb-below-header-display":"","ast-hfb-mobile-header-display":"","site-post-title":"disabled","ast-breadcrumbs-content":"","ast-featured-img":"","footer-sml-layout":"","theme-transparent-header-meta":"","adv-header-id-meta":"","stick-header-meta":"","header-above-stick-meta":"","header-main-stick-meta":"","header-below-stick-meta":"","astra-migrate-meta-layouts":"","footnotes":""},"uagb_featured_image_src":{"full":false,"thumbnail":false,"medium":false,"medium_large":false,"large":false,"1536x1536":false,"2048x2048":false},"uagb_author_info":{"display_name":"Mark.s","author_link":"https:\/\/deutschland-vernetzen.de\/?author=1"},"uagb_comment_info":0,"uagb_excerpt":"Wir nehmen die Zukunft unseres Kiezes selbst in die Hand \u00dcber die Initiative Reichenberger Kiez f\u00fcr Alle Unser Projekt entstand vor ca. 3 Jahren durch eine Offene Versammlung von KIEZconnect. &hellip; \u00dcber uns Weiterlesen &raquo;","_links":{"self":[{"href":"https:\/\/deutschland-vernetzen.de\/index.php?rest_route=\/wp\/v2\/pages\/127"}],"collection":[{"href":"https:\/\/deutschland-vernetzen.de\/index.php?rest_route=\/wp\/v2\/pages"}],"about":[{"href":"https:\/\/deutschland-vernetzen.de\/index.php?rest_route=\/wp\/v2\/types\/page"}],"author":[{"embeddable":true,"href":"https:\/\/deutschland-vernetzen.de\/index.php?rest_route=\/wp\/v2\/users\/1"}],"replies":[{"embeddable":true,"href":"https:\/\/deutschland-vernetzen.de\/index.php?rest_route=%2Fwp%2Fv2%2Fcomments&post=127"}],"version-history":[{"count":7,"href":"https:\/\/deutschland-vernetzen.de\/index.php?rest_route=\/wp\/v2\/pages\/127\/revisions"}],"predecessor-version":[{"id":144,"href":"https:\/\/deutschland-vernetzen.de\/index.php?rest_route=\/wp\/v2\/pages\/127\/revisions\/144"}],"wp:attachment":[{"href":"https:\/\/deutschland-vernetzen.de\/index.php?rest_route=%2Fwp%2Fv2%2Fmedia&parent=127"}],"curies":[{"name":"wp","href":"https:\/\/api.w.org\/{rel}","templated":true}]}}